{"id":20,"date":"2026-01-16T11:52:17","date_gmt":"2026-01-16T10:52:17","guid":{"rendered":"https:\/\/dc4fs.de\/?page_id=20"},"modified":"2026-01-22T20:13:58","modified_gmt":"2026-01-22T19:13:58","slug":"duoband-mono-quad","status":"publish","type":"page","link":"https:\/\/dc4fs.de\/?page_id=20","title":{"rendered":"Duoband-Mono-Quad"},"content":{"rendered":"<table width=\"100%\">\n<tr>\n<p><font face=\"Arial\" size=\"6\"><br \/>\n  <b>Duoband-Monoquad Fensterantenne f\u00fcr 70 cm und 2 m<\/b><br \/>\n  <\/font><\/p>\n<\/tr>\n<tr>\n  <b><font face=\"Arial\" size=\"4\">Beschreibung:<br \/>\n  <\/font><br \/>\n  <\/b><font face=\"Arial\" size=\"4\">Nachdem fast jeder Funkamateur ein Duo-Band-Handys besitzt, hier nun eine komfortable und doch billige L\u00f6sung einer Zweiband-Antenne f\u00fcr 2 m und 70 cm f\u00fcr den portablen Einsatz im Urlaub oder zu Hause. Sie ist ebenfalls f\u00fcr Duoband-Mobiltransceiver, besonders mit eingebauter Frequenzweiche, geeignet, da sie auch durchaus h\u00f6here Leistungen vertragen kann.<\/font><\/p>\n<p>&nbsp;<br \/>\n<\/tr>\n<tr>\n    <img loading=\"lazy\" decoding=\"async\" border=\"0\" src=\"files\/monoquad01.jpg\" width=\"800\" height=\"600\"><br \/>\n<\/tr>\n<tr>\n<p><font face=\"Arial\" size=\"4\"><br \/>\n<br \/>\nDie Antenne ist im Prinzip eine Duo-Band-Mono-Quad f\u00fcr das 2 m und 70 cm Band. Beide B\u00e4nder werden parallel eingespeist. F\u00fcr jedes Band ist nur der jeweilige Rahmen in Resonanz. Sie wird f\u00fcr jedes Band getrennt \u00fcber eine Gamma Anpassung eingespeist. Daher wird auch keine Weiche ben\u00f6tigt, was u. u. erhebliche Kosten<br \/>\nerspart.<br \/>\n        <\/font><\/p>\n<p><font face=\"Arial\" size=\"4\"><br \/>\nDie Vorteile einer Rahmenantenne f\u00fcr 2 m wurden ja bereits in cq DL 5\/86 S. 279 beschrieben. Wer diese Antenne bereits gebaut hat, kann sie mit wenig Aufwand auch noch f\u00fcr 70 cm erweitern, die Gamma Anpassung muss dann allerdings verschoben werden.<\/p>\n<p>Die Rahmenantenne wird am besten am Fenster befestigt, sie kann aber auch unter die Decke, an die Wand oder im Freien an einen Ast geh\u00e4ngt werden.<br \/>\n        <\/font><\/p>\n<p><font face=\"Arial\" size=\"4\"><br \/>\nJe nachdem ob die Einspeisung unten oder an der Seite erfolgt, arbeitet sie horizontal oder vertikal. Werden die Elemente geschickt miteinander verschraubt, so l\u00e4sst sie sich ohne das L\u00f6sen einer Schraube auf 53 cm L\u00e4nge zusammenfalten und im Koffer verstauen, also eine ideale Reiseantenne.<br \/>\n        <\/font><\/p>\n<p><font face=\"Arial\" size=\"4\"><br \/>\nDer Preis f\u00fcr das Material betr\u00e4gt etwa 12 \u20ac.<br \/>\n        <\/font><\/p>\n<p>&nbsp;<\/p>\n<\/tr>\n<tr>\n<p>\n  <b><font size=\"4\" face=\"Arial\"><br \/>\n  St\u00fcckliste:<\/font><\/b>\n  <\/p>\n<p>\n  <font size=\"4\" face=\"Arial\">&nbsp; 4 Aluleisten, 1000 mm x 15 mm x 2 mm<br \/>\n&nbsp; 1 SO 239 Buchse<br \/>\n14 Zylinderkopfschrauben, 4 mm x 10 mm<br \/>\n&nbsp; 8 Stoppmuttern, 4 mm<br \/>\n&nbsp; 6 Muttern, 4 mm<br \/>\n&nbsp; 2 Unterlegscheiben, 4 mm<br \/>\n&nbsp; 1 Blechschraube, 3.5 mm x 10 mm<br \/>\n&nbsp; 3 Plastikschrauben, 5 mm x 10 mm)<br \/>\n&nbsp; 2 Sauggummis<\/font><\/p>\n<p>&nbsp;<\/p>\n<p><font face=\"Arial\" size=\"4\"><b><font color=\"#ffffff\">Anzahl und L\u00e4nge der Aluleisten:<\/font><\/b><\/font><\/p>\n<p><font face=\"Arial\" size=\"4\">&nbsp;4 x 530 mm&nbsp;&nbsp;&nbsp;&nbsp;&nbsp;&nbsp;&nbsp; 1 x 240<br \/>\nmm&nbsp;&nbsp;&nbsp;&nbsp;&nbsp;&nbsp;&nbsp; 1 x&nbsp; 45 mm<br \/>\n&nbsp;3 x 180 mm&nbsp;&nbsp;&nbsp;&nbsp;&nbsp;&nbsp;&nbsp; 1 x 130<br \/>\nmm&nbsp;&nbsp;&nbsp;&nbsp;&nbsp;&nbsp;&nbsp; 1 x&nbsp; 40 mm<br \/>\n&nbsp;2 x&nbsp; 55 mm<\/font><\/p>\n<p>&nbsp;<\/p>\n<p><font face=\"Arial\"><font color=\"#ffffff\" size=\"4\"><b>Aufteilung auf 4 x 1000 mm Leistenl\u00e4nge:<br \/>\n  <\/b><\/font><font size=\"4\"><br \/>\n  <br \/>\n  530mm + 180mm + 180mm + 55mm + 55mm<br\n style=\"font-family: Arial;\"><br \/>\n  530mm + 180mm + 240mm + 45mm<br\n style=\"font-family: Arial;\"><br \/>\n  530mm + 130 mm + 40mm<br\n style=\"font-family: Arial;\"><br \/>\n  530mm<br \/>\n  <\/font><br \/>\n  <\/font><\/p>\n<\/tr>\n<tr>\n<p><b><br \/><font face=\"Arial\" size=\"4\"> Bauanleitung:<\/font><\/b><\/p>\n<\/tr>\n<tr>\n <font face=\"Arial\" size=\"4\">Zun\u00e4chst die vier Aluleisten entsprechend der oben aufgef\u00fchrten Aufteilung anzeichnen und zers\u00e4gen, die Kanten mit einer Feile entgraten.<\/font><\/p>\n<p> <font face=\"Arial\" size=\"4\">Die 4 mm L\u00f6cher ( o ) nach der Zeichnung bohren und entgraten.<\/font><\/p>\n<p> <font face=\"Arial\" size=\"4\">Den Flansch (5) f\u00fcr die PL-Buchse an einem Ende entsprechend der Zeichnung<br \/>\nhalbrund feilen und in Form biegen und damit die PL-Buchse (Masse) an der Leiste   1 befestigen.<\/p>\n<p>  <\/font><\/p>\n<p>  <font face=\"Arial\" size=\"4\">Nun die Bauteile entsprechend der Zeichnung mit den Schrauben und Muttern zusammenschrauben. F\u00fcr die Ecken der beiden Rahmen die Stoppmuttern verwenden. Die Schrauben nur soweit anziehen, dass das Gelenk gerade noch beweglich ist. Die 3,5 mm Schraube zur Befestigung der Leiste 6 an der PL-Buchse (Seele) verwenden.<br \/>\n Die L\u00f6cher ( \u00b7 ) in den Leisten 7 und 8 werden erst nach der Montage der Antenne passend durch die Leiste 6 gebohrt.<\/font><\/p>\n<p><font face=\"Arial\" size=\"4\">Zur Abstimmung der Gamma Anpassung ben\u00f6tigt man die Kunststoffschrauben. Dazu sind in Leiste 6, 7 und 8 die angezeichneten L\u00f6cher ( o und \u00b7 ) noch mit einem M5 Gewinde zu versehen. Die Antenne kann so in Stufen von jeweils einer Schraubenumdrehung auf bestes SWR eingestellt werden, was jedoch v\u00f6llig ausreicht und die Stabilit\u00e4t der Gamma Anpassung erh\u00f6ht (Bild rechts).<\/font><\/p>\n<p><font face=\"Arial\" size=\"4\">Mit den Sauggummis kann die Antenne jetzt im Fenster befestigt werden und mit Hilfe der Luftkondensatoren auf 2 Meter und auf 70 Zentimeter mittels Stehwellenmessger\u00e4t abgestimmt werden.<\/font><\/p>\n<p><font face=\"Arial\" size=\"4\">Das Stehwellenverh\u00e4ltnis sollte auf beiden B\u00e4ndern besser 1,5 sein.<\/font><\/p>\n<\/tr>\n<p>&nbsp;<\/p>\n<tr>\n<p><font face=\"Arial\" size=\"4\"><b>Zeichnung:<\/b> <\/font><\/p>\n<\/tr>\n<tr>\n   <font size=\"4\"><br \/>\n   <a href=\"files\/monoquad.gif\" target=\"_blank\"><br \/>\n   <img loading=\"lazy\" decoding=\"async\" border=\"0\" alt=\"Duoband-Monoquad als Zeichnung mit Bema\u00dfung in neuem Fenster\" src=\"files\/monoquad.gif\" width=\"771\" height=\"1318\"><br \/>\n   <\/a><br \/>\n   <\/font><\/p>\n<p align=\"center\"><font face=\"Arial\">Zur gr\u00f6\u00dferen Darstellung mit Bema\u00dfung und zum Abspeichern bitte Bild anklicken!<\/font><\/p>\n<p align=\"center\">&nbsp;<br \/>\n<\/tr>\n<tr>\n<p>\n  <br \/><font face=\"Arial\">Ich w\u00fcnsche viel Spa\u00df beim Bauen!<\/font><\/p>\n<p><font face=\"Arial\">73, R\u00fcdiger DC4FS<\/font> <\/p>\n<\/tr>\n<\/table>\n","protected":false},"excerpt":{"rendered":"<p>Duoband-Monoquad Fensterantenne f\u00fcr 70 cm und 2 m Beschreibung: Nachdem fast jeder Funkamateur ein Duo-Band-Handys besitzt, hier nun eine komfortable und doch billige L\u00f6sung einer Zweiband-Antenne f\u00fcr 2 m und 70 cm f\u00fcr den portablen Einsatz im Urlaub oder zu Hause. Sie ist ebenfalls f\u00fcr Duoband-Mobiltransceiver, besonders mit eingebauter Frequenzweiche, geeignet, da sie auch durchaus h\u00f6here Leistungen vertragen kann. &nbsp; Die Antenne ist im Prinzip eine Duo-Band-Mono-Quad f\u00fcr das 2 m und 70 cm Band. Beide B\u00e4nder werden parallel eingespeist. F\u00fcr jedes Band ist nur der jeweilige Rahmen in Resonanz. Sie wird f\u00fcr jedes Band getrennt \u00fcber eine Gamma Anpassung eingespeist. Daher wird auch keine Weiche ben\u00f6tigt, was u. u. erhebliche Kosten erspart. Die Vorteile einer Rahmenantenne f\u00fcr 2 m wurden ja bereits in cq DL 5\/86 S. 279 beschrieben. Wer diese Antenne bereits gebaut hat, kann sie mit wenig Aufwand auch noch f\u00fcr 70 cm erweitern, die Gamma Anpassung muss dann allerdings verschoben werden. Die Rahmenantenne wird am besten am Fenster befestigt, sie kann aber auch unter die Decke, an die Wand oder im Freien an einen Ast geh\u00e4ngt werden. Je nachdem ob die Einspeisung unten oder an der Seite erfolgt, arbeitet sie horizontal oder vertikal. Werden die Elemente geschickt miteinander verschraubt, so l\u00e4sst sie sich ohne das L\u00f6sen einer Schraube auf 53 cm L\u00e4nge zusammenfalten und im Koffer verstauen, also eine ideale Reiseantenne. Der Preis f\u00fcr das Material betr\u00e4gt etwa 12 \u20ac. &nbsp; St\u00fcckliste: &nbsp; 4 Aluleisten, 1000 mm x 15 mm x 2 mm &nbsp; 1 SO 239 Buchse 14 Zylinderkopfschrauben, 4 mm x 10 mm &nbsp; 8 Stoppmuttern, 4 mm &nbsp; 6 Muttern, 4 mm &nbsp; 2 Unterlegscheiben, 4 mm &nbsp; 1 Blechschraube, 3.5 mm x 10 mm &nbsp; 3 Plastikschrauben, 5 mm x 10 mm) &nbsp; 2 Sauggummis &nbsp; Anzahl und L\u00e4nge der Aluleisten: &nbsp;4 x 530 mm&nbsp;&nbsp;&nbsp;&nbsp;&nbsp;&nbsp;&nbsp; 1 x 240 mm&nbsp;&nbsp;&nbsp;&nbsp;&nbsp;&nbsp;&nbsp; 1 x&nbsp; 45 mm &nbsp;3 x 180 mm&nbsp;&nbsp;&nbsp;&nbsp;&nbsp;&nbsp;&nbsp; 1 x 130 mm&nbsp;&nbsp;&nbsp;&nbsp;&nbsp;&nbsp;&nbsp; 1 x&nbsp; 40 mm &nbsp;2 x&nbsp; 55 mm &nbsp; Aufteilung auf 4 x 1000 mm Leistenl\u00e4nge: 530mm + 180mm + 180mm + 55mm + 55mm 530mm + 180mm + 240mm + 45mm 530mm + 130 mm + 40mm 530mm Bauanleitung: Zun\u00e4chst die vier Aluleisten entsprechend der oben aufgef\u00fchrten Aufteilung anzeichnen und zers\u00e4gen, die Kanten mit einer Feile entgraten. Die 4 mm L\u00f6cher ( o ) nach der Zeichnung bohren und entgraten. Den Flansch (5) f\u00fcr die PL-Buchse an einem Ende entsprechend der Zeichnung halbrund feilen und in Form biegen und damit die PL-Buchse (Masse) an der Leiste 1 befestigen. Nun die Bauteile entsprechend der Zeichnung mit den Schrauben und Muttern zusammenschrauben. F\u00fcr die Ecken der beiden Rahmen die Stoppmuttern verwenden. Die Schrauben nur soweit anziehen, dass das Gelenk gerade noch beweglich ist. Die 3,5 mm Schraube zur Befestigung der Leiste 6 an der PL-Buchse (Seele) verwenden. Die L\u00f6cher ( \u00b7 ) in den Leisten 7 und 8 werden erst nach der Montage der Antenne passend durch die Leiste 6 gebohrt. Zur Abstimmung der Gamma Anpassung ben\u00f6tigt man die Kunststoffschrauben. Dazu sind in Leiste 6, 7 und 8 die angezeichneten L\u00f6cher ( o und \u00b7 ) noch mit einem M5 Gewinde zu versehen. Die Antenne kann so in Stufen von jeweils einer Schraubenumdrehung auf bestes SWR eingestellt werden, was jedoch v\u00f6llig ausreicht und die Stabilit\u00e4t der Gamma Anpassung erh\u00f6ht (Bild rechts). Mit den Sauggummis kann die Antenne jetzt im Fenster befestigt werden und mit Hilfe der Luftkondensatoren auf 2 Meter und auf 70 Zentimeter mittels Stehwellenmessger\u00e4t abgestimmt werden. Das Stehwellenverh\u00e4ltnis sollte auf beiden B\u00e4ndern besser 1,5 sein. &nbsp; Zeichnung: Zur gr\u00f6\u00dferen Darstellung mit Bema\u00dfung und zum Abspeichern bitte Bild anklicken! &nbsp; Ich w\u00fcnsche viel Spa\u00df beim Bauen! 73, R\u00fcdiger DC4FS<\/p>\n","protected":false},"author":1,"featured_media":0,"parent":0,"menu_order":0,"comment_status":"closed","ping_status":"closed","template":"","meta":{"footnotes":""},"class_list":["post-20","page","type-page","status-publish","hentry"],"acf":[],"_links":{"self":[{"href":"https:\/\/dc4fs.de\/index.php?rest_route=\/wp\/v2\/pages\/20","targetHints":{"allow":["GET"]}}],"collection":[{"href":"https:\/\/dc4fs.de\/index.php?rest_route=\/wp\/v2\/pages"}],"about":[{"href":"https:\/\/dc4fs.de\/index.php?rest_route=\/wp\/v2\/types\/page"}],"author":[{"embeddable":true,"href":"https:\/\/dc4fs.de\/index.php?rest_route=\/wp\/v2\/users\/1"}],"replies":[{"embeddable":true,"href":"https:\/\/dc4fs.de\/index.php?rest_route=%2Fwp%2Fv2%2Fcomments&post=20"}],"version-history":[{"count":14,"href":"https:\/\/dc4fs.de\/index.php?rest_route=\/wp\/v2\/pages\/20\/revisions"}],"predecessor-version":[{"id":226,"href":"https:\/\/dc4fs.de\/index.php?rest_route=\/wp\/v2\/pages\/20\/revisions\/226"}],"wp:attachment":[{"href":"https:\/\/dc4fs.de\/index.php?rest_route=%2Fwp%2Fv2%2Fmedia&parent=20"}],"curies":[{"name":"wp","href":"https:\/\/api.w.org\/{rel}","templated":true}]}}