{"id":22,"date":"2026-01-16T11:52:42","date_gmt":"2026-01-16T10:52:42","guid":{"rendered":"https:\/\/dc4fs.de\/?page_id=22"},"modified":"2026-01-22T20:07:43","modified_gmt":"2026-01-22T19:07:43","slug":"falt-hb9cv-antenne","status":"publish","type":"page","link":"https:\/\/dc4fs.de\/?page_id=22","title":{"rendered":"Falt-HB9CV-Antenne"},"content":{"rendered":"<div align=\"center\"><center><span style=\"font-family: Arial; font-size: large;\"><b>Beschreibung:<\/b><br \/><\/span><\/p>\n<p style=\"text-align: left;\"><span style=\"font-family: Arial; font-size: large;\">Die HB9CV ist ja als kompakte Yagi bestens bekannt. F\u00fcr 70 cm ist die HB9CV schon recht klein, aber f\u00fcr 2 m so nicht im Koffer zu verstauen. Nun, nachdem ich die <a href=\"https:\/\/dc4fs.de\/?page_id=20\"><b>Duoband-Monoquad<\/b><\/a> mit Alub\u00e4ndern aufgebaut hatte, versuchte ich die HB9CV in \u00e4hnlicher Weise zu konstruieren. Sie sollte ebenso faltbar sein und damit als Reiseantenne dienen k\u00f6nnen.<\/span><\/p>\n<p><span style=\"font-family: Arial; font-size: large;\">Hier das Ergebnis:<br \/><\/span><\/p>\n<p><img loading=\"lazy\" decoding=\"async\" src=\"files\/falt-hb9cv01.jpg\" width=\"800\" height=\"200\" border=\"0\"><\/p>\n<p align=\"left\"><span style=\"font-family: Arial; font-size: large;\">Der Vorteil dieser Faltantenne ist ihre Kompaktheit. Sie ist gefaltet gerade mal 30 cm lang. Damit passt sie in jede Aktentasche. Entfaltet hat sie eine Booml\u00e4nge von 0,29 m, eine Strahlerl\u00e4nge von 0,965 m und eine Reflektorl\u00e4nge von 1,03 m.<\/span><\/p>\n<p align=\"left\"><span style=\"font-family: Arial; font-size: large;\">Der Preis f\u00fcr das Material betr\u00e4gt ca. 10 \u20ac.<\/span><\/p>\n<p align=\"left\"><b><span style=\"font-family: Arial; font-size: large;\">St\u00fcckliste:<\/span><\/b><\/p>\n<p align=\"left\"><span style=\"font-family: Arial; font-size: large;\">&nbsp; 4 Aluleisten, 1000 mm x 15 mm x 2 mm<br \/>&nbsp; 1 BNC-Buchse<br \/>&nbsp; 1 Trimm-Kondensator (ca. 10 &#8211; 100 pF)<br \/>&nbsp; 9 Zylinderkopfschrauben, 4 mm x 10 mm<br \/>&nbsp; 2 Zylinderkopfschrauben, 4 mm x 15 mm<br \/>&nbsp; 8 Stoppmuttern, 4 mm<br \/>&nbsp; 3 Muttern, 4 mm<br \/>&nbsp; 8 Unterlegscheiben, 4 mm<br \/>&nbsp; 3 Plastikschrauben, 5 mm x 50 mm<\/span><span style=\"font-family: Arial; font-size: large;\"><br \/><\/span><span style=\"font-family: Arial; font-size: large;\">&nbsp; 5 Plastikmuttern, 5 mm<br \/><\/span>&nbsp;<\/p>\n<p align=\"left\"><span style=\"font-family: Arial; font-size: large;\"><b>Anzahl und L\u00e4nge der Aluleisten:<\/b><\/span><\/p>\n<p align=\"left\"><span style=\"font-family: Arial; font-size: large;\">&nbsp;6 x  270mm&nbsp;&nbsp;&nbsp;&nbsp;&nbsp;&nbsp;&nbsp;<br \/>&nbsp;2 x 290 mm<br \/>&nbsp;2 x 240 mm&nbsp;&nbsp;&nbsp;&nbsp;&nbsp;&nbsp;&nbsp; 2 x 235 mm<\/span><\/p>\n<p align=\"left\"><span style=\"font-family: Arial;\"><span style=\"font-size: large;\"><b>Aufteilung auf 4 x 1000 mm Leistenl\u00e4nge:<\/b><\/span><span style=\"color: #ff6600; font-size: large;\"><b><br \/><\/b><\/span><\/span><span style=\"font-family: Arial; font-size: large;\"><br \/>240mm + 240mm + 235mm + 235mm<br \/>270mm + 270mm + 290mm<br style=\"font-family: Arial;\">270mm + 270mm + 290mm<br style=\"font-family: Arial;\">270mm + 270mm<\/span><span style=\"font-size: large;\"><br style=\"font-family: Arial;\"><\/span><\/p>\n<p align=\"left\"><span style=\"font-family: Arial; font-size: large;\"><b>Bauanleitung:<\/b><\/span><\/p>\n<p align=\"left\"><span style=\"font-family: Arial; font-size: large;\">Zun\u00e4chst die vier Aluleisten entsprechend der oben aufgef\u00fchrten Aufteilung anzeichnen und zers\u00e4gen, die Kanten mit einer Feile entgraten.<\/span><\/p>\n<p align=\"left\"><span style=\"font-family: Arial; font-size: large;\">Die 4 mm L\u00f6cher ( o ) nach der Zeichnung bohren und entgraten.<\/span><\/p>\n<p align=\"left\"><span style=\"font-family: Arial; font-size: large;\">Die L\u00f6cher f\u00fcr die Kunststoffschrauben in Leiste 1, 2, 3 und 7 werden mit einem 5 mm Gewinde versehen.<\/span><\/p>\n<p align=\"left\"><span style=\"font-family: Arial; font-size: large;\">Die L\u00f6cher ( \u00b7 ) in den Leisten 7 werden erst nach der Montage der Antenne passend durch die Leiste 3 gebohrt.<\/span><\/p>\n<p align=\"left\"><span style=\"font-family: Arial; font-size: large;\">Das Loch f\u00fcr die BNC-Buchse ( 9,5 &#8211; 10 mm) muss vorsichtig auf die entsprechende Gr\u00f6\u00dfe gebracht und die BNC-Buchse eingepasst werden.<\/span><\/p>\n<p align=\"left\"><span style=\"font-family: Arial; font-size: large;\">Eine Ecke der Leiste 3 muss bei der BNC-Buchse etwas abgerundet werden, damit sich die Leiste 3 sp\u00e4ter einklappen l\u00e4sst.<\/span><\/p>\n<p align=\"left\"><span style=\"font-family: Arial; font-size: large;\">Die beiden 235 mm langen St\u00fccke an einem Ende entsprechend der Zeichnung biegen, Abstand zum Strahler\/Reflektor 20mm. Siehe Bild unten.<\/span><\/p>\n<figure><img loading=\"lazy\" decoding=\"async\" src=\"files\/falt-hb9cv04.gif\" width=\"800\" height=\"400\" border=\"0\"><\/figure>\n<p align=\"center\">\n<p align=\"left\"><span style=\"font-family: Arial; font-size: large;\">Nun die Bauteile entsprechend der Zeichnung mit den Schrauben und Muttern zusammenschrauben. F\u00fcr die beweglichen Stellen die Stoppmuttern verwenden. Die Schrauben nur soweit anziehen, dass das Gelenk gerade noch beweglich ist.<\/span><\/p>\n<figure><img loading=\"lazy\" decoding=\"async\" src=\"files\/falt-hb9cv03.gif\" width=\"400\" height=\"300\" align=\"right\" border=\"0\"><\/figure>\n<p><span style=\"font-family: Arial; font-size: large;\"><\/span><\/p>\n<p align=\"left\"><span style=\"font-family: Arial; font-size: large;\">Die Kunststoffschrauben werden so eingedreht, dass die beiden aufeinander liegenden Leisten einen Abstand von 20 mm haben.<\/span><\/p>\n<p align=\"left\"><span style=\"font-family: Arial; font-size: large;\">Die Kunststoffschrauben zwischen den Leisten 3 und 7 werden abgeschnitten, damit sich die Leisten beim Zusammenfalten zwischen Leiste 1 und 2 schieben k\u00f6nnen. Siehe Bild rechts.<\/span><\/p>\n<p align=\"left\"><span style=\"font-family: Arial; font-size: large;\">Die Kunststoffschraube zwischen Leiste 1 und 2 wird nicht abgeschnitten. An ihr kann sp\u00e4ter ein Rohr mit Gewinde angeschraubt werden.<\/span><\/p>\n<p align=\"left\"><span style=\"font-family: Arial; font-size: large;\">Die Unterlegscheiben zwischen Leiste 3 und 5, bzw. Leiste 3 und 6 sind notwendig, damit die Leisten 5 und 6 beim Zusammenklappen \u00fcber den Schraubenkopf gehen.<\/span><\/p>\n<p><img loading=\"lazy\" decoding=\"async\" src=\"files\/falt-hb9cv05.jpg\" width=\"800\" height=\"300\" border=\"0\"><br \/>\n<img loading=\"lazy\" decoding=\"async\" src=\"files\/falt-hb9cv02.gif\" width=\"400\" height=\"300\" align=\"left\" border=\"0\"><\/p>\n<p>&nbsp;<\/p>\n<p align=\"left\"><span style=\"font-family: Arial; font-size: large;\">Der Kondensator wird zwischen Leiste 1 und Seele der BNC-Buchse befestigt, bzw. angel\u00f6tet.<\/span><\/p>\n<p align=\"left\"><span style=\"font-family: Arial; font-size: large;\">Mit Hilfe des Kondensators kann nun die Antenne angepasst werden. Das Stehwellenverh\u00e4ltnis sollte im Minimum besser als 1,2 sein.<\/span><\/p>\n<p>&nbsp;<\/p>\n<p><b style=\"font-family: Arial; font-size: large;\">Zeichnung:<\/b><\/p>\n<p><a href=\"files\/falt-hb9cv_zeichnung.gif\" target=\"_blank\" rel=\"noopener\"><img loading=\"lazy\" decoding=\"async\" src=\"files\/falt-hb9cv.gif\" alt=\"Falt-HB8CV als Zeichnung mit Bema\u00dfung in neuem Fenster\" width=\"956\" height=\"457\" border=\"0\"><\/a><\/p>\n<p>Zur gr\u00f6\u00dferen Darstellung mit Bema\u00dfung und zum Abspeichern bitte Bild anklicken!<\/p>\n<p>Ich w\u00fcnsche viel Spa\u00df beim Bauen!<\/p>\n<p><span style=\"font-family: Arial;\">73, R\u00fcdiger DC4FS<\/span><\/p>\n","protected":false},"excerpt":{"rendered":"<p>Beschreibung: Die HB9CV ist ja als kompakte Yagi bestens bekannt. F\u00fcr 70 cm ist die HB9CV schon recht klein, aber f\u00fcr 2 m so nicht im Koffer zu verstauen. Nun, nachdem ich die Duoband-Monoquad mit Alub\u00e4ndern aufgebaut hatte, versuchte ich die HB9CV in \u00e4hnlicher Weise zu konstruieren. Sie sollte ebenso faltbar sein und damit als Reiseantenne dienen k\u00f6nnen. Hier das Ergebnis: Der Vorteil dieser Faltantenne ist ihre Kompaktheit. Sie ist gefaltet gerade mal 30 cm lang. Damit passt sie in jede Aktentasche. Entfaltet hat sie eine Booml\u00e4nge von 0,29 m, eine Strahlerl\u00e4nge von 0,965 m und eine Reflektorl\u00e4nge von 1,03 m. Der Preis f\u00fcr das Material betr\u00e4gt ca. 10 \u20ac. St\u00fcckliste: &nbsp; 4 Aluleisten, 1000 mm x 15 mm x 2 mm&nbsp; 1 BNC-Buchse&nbsp; 1 Trimm-Kondensator (ca. 10 &#8211; 100 pF)&nbsp; 9 Zylinderkopfschrauben, 4 mm x 10 mm&nbsp; 2 Zylinderkopfschrauben, 4 mm x 15 mm&nbsp; 8 Stoppmuttern, 4 mm&nbsp; 3 Muttern, 4 mm&nbsp; 8 Unterlegscheiben, 4 mm&nbsp; 3 Plastikschrauben, 5 mm x 50 mm&nbsp; 5 Plastikmuttern, 5 mm&nbsp; Anzahl und L\u00e4nge der Aluleisten: &nbsp;6 x 270mm&nbsp;&nbsp;&nbsp;&nbsp;&nbsp;&nbsp;&nbsp;&nbsp;2 x 290 mm&nbsp;2 x 240 mm&nbsp;&nbsp;&nbsp;&nbsp;&nbsp;&nbsp;&nbsp; 2 x 235 mm Aufteilung auf 4 x 1000 mm Leistenl\u00e4nge:240mm + 240mm + 235mm + 235mm270mm + 270mm + 290mm270mm + 270mm + 290mm270mm + 270mm Bauanleitung: Zun\u00e4chst die vier Aluleisten entsprechend der oben aufgef\u00fchrten Aufteilung anzeichnen und zers\u00e4gen, die Kanten mit einer Feile entgraten. Die 4 mm L\u00f6cher ( o ) nach der Zeichnung bohren und entgraten. Die L\u00f6cher f\u00fcr die Kunststoffschrauben in Leiste 1, 2, 3 und 7 werden mit einem 5 mm Gewinde versehen. Die L\u00f6cher ( \u00b7 ) in den Leisten 7 werden erst nach der Montage der Antenne passend durch die Leiste 3 gebohrt. Das Loch f\u00fcr die BNC-Buchse ( 9,5 &#8211; 10 mm) muss vorsichtig auf die entsprechende Gr\u00f6\u00dfe gebracht und die BNC-Buchse eingepasst werden. Eine Ecke der Leiste 3 muss bei der BNC-Buchse etwas abgerundet werden, damit sich die Leiste 3 sp\u00e4ter einklappen l\u00e4sst. Die beiden 235 mm langen St\u00fccke an einem Ende entsprechend der Zeichnung biegen, Abstand zum Strahler\/Reflektor 20mm. Siehe Bild unten. Nun die Bauteile entsprechend der Zeichnung mit den Schrauben und Muttern zusammenschrauben. F\u00fcr die beweglichen Stellen die Stoppmuttern verwenden. Die Schrauben nur soweit anziehen, dass das Gelenk gerade noch beweglich ist. Die Kunststoffschrauben werden so eingedreht, dass die beiden aufeinander liegenden Leisten einen Abstand von 20 mm haben. Die Kunststoffschrauben zwischen den Leisten 3 und 7 werden abgeschnitten, damit sich die Leisten beim Zusammenfalten zwischen Leiste 1 und 2 schieben k\u00f6nnen. Siehe Bild rechts. Die Kunststoffschraube zwischen Leiste 1 und 2 wird nicht abgeschnitten. An ihr kann sp\u00e4ter ein Rohr mit Gewinde angeschraubt werden. Die Unterlegscheiben zwischen Leiste 3 und 5, bzw. Leiste 3 und 6 sind notwendig, damit die Leisten 5 und 6 beim Zusammenklappen \u00fcber den Schraubenkopf gehen. &nbsp; Der Kondensator wird zwischen Leiste 1 und Seele der BNC-Buchse befestigt, bzw. angel\u00f6tet. Mit Hilfe des Kondensators kann nun die Antenne angepasst werden. Das Stehwellenverh\u00e4ltnis sollte im Minimum besser als 1,2 sein. &nbsp; Zeichnung: Zur gr\u00f6\u00dferen Darstellung mit Bema\u00dfung und zum Abspeichern bitte Bild anklicken! Ich w\u00fcnsche viel Spa\u00df beim Bauen! 73, R\u00fcdiger DC4FS<\/p>\n","protected":false},"author":1,"featured_media":0,"parent":0,"menu_order":0,"comment_status":"closed","ping_status":"closed","template":"","meta":{"footnotes":""},"class_list":["post-22","page","type-page","status-publish","hentry"],"acf":[],"_links":{"self":[{"href":"https:\/\/dc4fs.de\/index.php?rest_route=\/wp\/v2\/pages\/22","targetHints":{"allow":["GET"]}}],"collection":[{"href":"https:\/\/dc4fs.de\/index.php?rest_route=\/wp\/v2\/pages"}],"about":[{"href":"https:\/\/dc4fs.de\/index.php?rest_route=\/wp\/v2\/types\/page"}],"author":[{"embeddable":true,"href":"https:\/\/dc4fs.de\/index.php?rest_route=\/wp\/v2\/users\/1"}],"replies":[{"embeddable":true,"href":"https:\/\/dc4fs.de\/index.php?rest_route=%2Fwp%2Fv2%2Fcomments&post=22"}],"version-history":[{"count":22,"href":"https:\/\/dc4fs.de\/index.php?rest_route=\/wp\/v2\/pages\/22\/revisions"}],"predecessor-version":[{"id":216,"href":"https:\/\/dc4fs.de\/index.php?rest_route=\/wp\/v2\/pages\/22\/revisions\/216"}],"wp:attachment":[{"href":"https:\/\/dc4fs.de\/index.php?rest_route=%2Fwp%2Fv2%2Fmedia&parent=22"}],"curies":[{"name":"wp","href":"https:\/\/api.w.org\/{rel}","templated":true}]}}