{"id":227,"date":"2026-01-23T01:50:51","date_gmt":"2026-01-23T00:50:51","guid":{"rendered":"https:\/\/dc4fs.de\/?page_id=227"},"modified":"2026-01-23T02:16:44","modified_gmt":"2026-01-23T01:16:44","slug":"antennen","status":"publish","type":"page","link":"https:\/\/dc4fs.de\/?page_id=227","title":{"rendered":"Antennen"},"content":{"rendered":" <p><strong>Liegende Loop f\u00fcr 80m<\/strong><\/p>   <p><strong>Koaxial gespeiste Loop<\/strong> mit <a href=\"http:\/\/www.dx-wire.de\" target=\"_blank\" rel=\"noreferrer noopener\"><strong>DX-WIRE UL (ultra light)<\/strong><\/a>, 84m, 1,6 mm Durchmesser, Antennenlitze aus Aramid (Kevlar\u00ae) sowie 6 x 0,25mm, Kupfer verzinnt, Querschnitt ca. 0,3 mm\u00b2. Gewicht ca. 4g\/m, witterungsbest\u00e4ndig, durch die schwarze Lackierung besonders unauff\u00e4llig.<br><\/p>   <figure class=\"wp-block-image size-large\"><img decoding=\"async\" src=\"\/images\/84m-Loop-1024x768.jpg\" alt=\"\" class=\"wp-image-86\"\/><\/figure>   <p><a href=\"\/images\/84m-Loop.jpg\" target=\"_blank\" rel=\"noreferrer noopener\"><\/a>84m-Loop in 5 bis 9 Metern zwischen den B\u00e4umen aufgehangen<br><a href=\"\/images\/Balun_1_4.jpg\" target=\"_blank\" rel=\"noreferrer noopener\"><\/a><\/p>   <figure class=\"wp-block-image size-large\"><img decoding=\"async\" src=\"\/images\/Balun_1_4-1024x683.jpg\" alt=\"\" class=\"wp-image-87\"\/><\/figure>   <p>Einspeisung \u00fcber einen selbst gebauten 1:4 Balun<a href=\"\/images\/Aufhaengepunkt.jpg\" target=\"_blank\" rel=\"noreferrer noopener\"><\/a><\/p>   <figure class=\"wp-block-image size-large\"><img decoding=\"async\" src=\"https:\/images\/Aufhaengepunkt-1024x683.jpg\" alt=\"\" class=\"wp-image-88\"\/><\/figure>   <p>Vier Aufh\u00e4ngepunkte sind nicht fixiert und daher absenkbar.<\/p>   <p><strong>Monopol f\u00fcr&nbsp;10m, 15m, 17m, 20m, 30m<\/strong><\/p>   <p><strong><a href=\"\/files\/endgespeiste_antennen.xlsx\" target=\"_blank\" rel=\"noreferrer noopener\">Endgespeister, etwa 17m langer Stahldraht<\/a><\/strong> mit 2,0 mm Durchmesser horizontal in 9m H\u00f6he gespannt. Die Anpassung erfolgt mit einem Ringkern-Balun mit speziellem Abgriff 1:12, \u00e4hnlich der VK6.<\/p>   <figure class=\"wp-block-image size-full\"><img decoding=\"async\" src=\"https:\/images\/swv.jpg\" alt=\"\" class=\"wp-image-89\"\/><\/figure>   <p><strong><a href=\"\/files\/VK6.pdf\" target=\"_blank\" rel=\"noreferrer noopener\">VK6<\/a><\/strong><strong>&nbsp;(Wurfantenne)<\/strong><\/p>   <p>Eine Wurfantenne f\u00fcr alle g\u00e4ngigen B\u00e4nder, 23m lang, bei 2\/3 ist eine Spule mit Widerstand integriert. Die Einspeisung erfolgt \u00fcber einen Ringkern-Balun, der speziell gewickelt ist.<\/p>   <p><strong><a href=\"http:\/\/www.dl7pe.de\/mainmenu.htm\" target=\"_blank\" rel=\"noreferrer noopener\">MicroVert-Antenne<\/a> <\/strong>(portabel) f\u00fcr 20 und 40m<\/p>   <p>Ein <strong><a href=\"\/files\/microvert.pdf\" target=\"_blank\" rel=\"noreferrer noopener\">stabf\u00f6rmiger Monopol<\/a><\/strong> f\u00fcr jeweils ein Kurzwellenband.&nbsp;Der <strong>kapazitive Strahler<\/strong> stellt in Verbindung mit der <a href=\"\/files\/microvert.xls\" target=\"_blank\" rel=\"noreferrer noopener\"><strong>Reaktanzspule<\/strong><\/a> einen elektrisch offenen L\/C Serienresonanzkreis dar.<br>Ein vorwiegend <strong>elektrisches E-Feld<\/strong> wird im unmittelbaren Nahbereich abgestrahlt.<\/p> ","protected":false},"excerpt":{"rendered":"<p>Liegende Loop f\u00fcr 80m Koaxial gespeiste Loop mit DX-WIRE UL (ultra light), 84m, 1,6 mm Durchmesser, Antennenlitze aus Aramid (Kevlar\u00ae) sowie 6 x 0,25mm, Kupfer verzinnt, Querschnitt ca. 0,3 mm\u00b2. Gewicht ca. 4g\/m, witterungsbest\u00e4ndig, durch die schwarze Lackierung besonders unauff\u00e4llig. 84m-Loop in 5 bis 9 Metern zwischen den B\u00e4umen aufgehangen Einspeisung \u00fcber einen selbst gebauten 1:4 Balun Vier Aufh\u00e4ngepunkte sind nicht fixiert und daher absenkbar. Monopol f\u00fcr&nbsp;10m, 15m, 17m, 20m, 30m Endgespeister, etwa 17m langer Stahldraht mit 2,0 mm Durchmesser horizontal in 9m H\u00f6he gespannt. Die Anpassung erfolgt mit einem Ringkern-Balun mit speziellem Abgriff 1:12, \u00e4hnlich der VK6. VK6&nbsp;(Wurfantenne) Eine Wurfantenne f\u00fcr alle g\u00e4ngigen B\u00e4nder, 23m lang, bei 2\/3 ist eine Spule mit Widerstand integriert. Die Einspeisung erfolgt \u00fcber einen Ringkern-Balun, der speziell gewickelt ist. MicroVert-Antenne (portabel) f\u00fcr 20 und 40m Ein stabf\u00f6rmiger Monopol f\u00fcr jeweils ein Kurzwellenband.&nbsp;Der kapazitive Strahler stellt in Verbindung mit der Reaktanzspule einen elektrisch offenen L\/C Serienresonanzkreis dar.Ein vorwiegend elektrisches E-Feld wird im unmittelbaren Nahbereich abgestrahlt.<\/p>\n","protected":false},"author":1,"featured_media":0,"parent":0,"menu_order":0,"comment_status":"closed","ping_status":"closed","template":"","meta":{"footnotes":""},"class_list":["post-227","page","type-page","status-publish","hentry"],"acf":[],"_links":{"self":[{"href":"https:\/\/dc4fs.de\/index.php?rest_route=\/wp\/v2\/pages\/227","targetHints":{"allow":["GET"]}}],"collection":[{"href":"https:\/\/dc4fs.de\/index.php?rest_route=\/wp\/v2\/pages"}],"about":[{"href":"https:\/\/dc4fs.de\/index.php?rest_route=\/wp\/v2\/types\/page"}],"author":[{"embeddable":true,"href":"https:\/\/dc4fs.de\/index.php?rest_route=\/wp\/v2\/users\/1"}],"replies":[{"embeddable":true,"href":"https:\/\/dc4fs.de\/index.php?rest_route=%2Fwp%2Fv2%2Fcomments&post=227"}],"version-history":[{"count":4,"href":"https:\/\/dc4fs.de\/index.php?rest_route=\/wp\/v2\/pages\/227\/revisions"}],"predecessor-version":[{"id":239,"href":"https:\/\/dc4fs.de\/index.php?rest_route=\/wp\/v2\/pages\/227\/revisions\/239"}],"wp:attachment":[{"href":"https:\/\/dc4fs.de\/index.php?rest_route=%2Fwp%2Fv2%2Fmedia&parent=227"}],"curies":[{"name":"wp","href":"https:\/\/api.w.org\/{rel}","templated":true}]}}