{"id":24,"date":"2026-01-16T11:53:02","date_gmt":"2026-01-16T10:53:02","guid":{"rendered":"https:\/\/dc4fs.de\/?page_id=24"},"modified":"2026-01-24T10:08:48","modified_gmt":"2026-01-24T09:08:48","slug":"funkwetter","status":"publish","type":"page","link":"https:\/\/dc4fs.de\/?page_id=24","title":{"rendered":"Funkwetter"},"content":{"rendered":"<p><center><\/p>\n<table width=\"100%\" border=\"0\" >\n<tr><img decoding=\"async\" width=\"1200\" src=\"https:\/\/www.hamqsl.com\/solar101vhfpic.php\"><\/tr>\n<\/table>\n<table width=\"100%\" border=\"0\" >\n<tr>\n<td><img decoding=\"async\" width=\"600\" src=\"https:\/\/www.hamqsl.com\/solargraph.php\"><\/td>\n<td><img decoding=\"async\" width=\"600\" src=\"https:\/\/www.hamqsl.com\/marston.php\"><\/td>\n<\/tr>\n<\/table>\n<p><center><\/p>\n<div>\n<center><\/p>\n<table width=\"100%\" border=\"0\" >\n<tr ALIGN=CENTER>\n<td width=\"30%\" valign=\"middle\"><center><b><font color=\"#ffffff\" face=\"Arial\" size=\"2\">Polarlicht Aktivit\u00e4t in Mittleren Breiten<\/font><\/b><\/td>\n<td width=\"30%\" valign=\"middle\"><center><b><font color=\"#ffffff\" face=\"Arial\" size=\"2\">Gesch\u00e4tzter Kp Index<\/font><\/b><\/td>\n<td width=\"30%\" valign=\"middle\"><center><b><font color=\"#ffffff\" face=\"Arial\" size=\"2\">K-Vorhersage f\u00fcr Mittlere Breiten<\/font><\/b><\/td>\n<\/tr>\n<tr>\n<td width=\"30%\" valign=\"middle\"><center><a href=\"https:\/\/cdn.polarlicht-vorhersage.de\/activity_mid.png\" target=\"_blank\"><img SRC=\"https:\/\/cdn.polarlicht-vorhersage.de\/activity_mid.png\" width=320 NOSAVE BORDER=0 alt=\"Polarlicht Aktivit\u00e4t in Mittleren Breiten\"><\/a><\/td>\n<td width=\"30%\" valign=\"middle\"><center><a href=\"https:\/\/aurorainfo.eu\/graph\/noaa\/kp-estimate\/kp-index-3-day-estimate-high-latitude.svg\" target=\"_blank\"><img SRC=\"https:\/\/aurorainfo.eu\/graph\/noaa\/kp-estimate\/kp-index-3-day-estimate-high-latitude.svg\" NOSAVE BORDER=0 alt=\"Kp Index\"><\/a><\/td>\n<td width=\"30%\" valign=\"middle\"><center><a href=\"https:\/\/cdn.polarlicht-vorhersage.de\/kp_mid.png\" target=\"_blank\"><img SRC=\"https:\/\/cdn.polarlicht-vorhersage.de\/kp_mid.png\" width=320 NOSAVE BORDER=0 alt=\"K-Vorhersage f\u00fcr Mittlere Breiten\"><\/a><\/td>\n<\/tr>\n<tr>\n<td valign=\"middle\"><center><font color=\"#ffffff\" face=\"Arial\" size=\"2\"><b>R\u00f6ntgenfluss (X-Ray Flux)<\/b><\/font><\/td>\n<td valign=\"middle\"><center><b><font color=\"#ffffff\" face=\"Arial\" size=\"2\">Protronenfluss (Protron Flux)<\/font><\/b><\/td>\n<td valign=\"middle\"><center><b><font color=\"#ffffff\" face=\"Arial\" size=\"2\">Sonnenwindgeschw., Dichte und Bz<\/font><\/b><\/td>\n<\/tr>\n<tr>\n<td valign=\"middle\"><center><a href=\"https:\/\/cdn.polarlicht-vorhersage.de\/xray_flux_3d.png\" width=320 target=\"_blank\"><img SRC=\"https:\/\/cdn.polarlicht-vorhersage.de\/xray_flux_3d.png\" NOSAVE BORDER=0 alt=\"Xray Flux\"><\/a><\/td>\n<td valign=\"middle\"><center><a href=\"https:\/\/cdn.polarlicht-vorhersage.de\/ace_epam_protons_3d.png\" target=\"_blank\"><img SRC=\"https:\/\/cdn.polarlicht-vorhersage.de\/ace_epam_protons_3d.png\" width=500 NOSAVE BORDER=0 alt=\"Protron Flux\"><\/a><\/td>\n<td valign=\"middle\"><center><a href=\"https:\/\/cdn.polarlicht-vorhersage.de\/dscovr_3d.png\" width=320 target=\"_blank\"><img SRC=\"https:\/\/cdn.polarlicht-vorhersage.de\/dscovr_3d.png\" NOSAVE BORDER=0 alt=\"Proton Flux\"><\/a><\/td>\n<\/tr>\n<tr>\n<td valign=\"middle\"><center><b><font size=\"2\" color=\"#ffffff\" face=\"Arial\">Aurora-Aktivit\u00e4t Nordpol&nbsp;<\/font><\/b><\/td>\n<td valign=\"middle\"><center><b><font size=\"2\" color=\"#ffffff\" face=\"Arial\">Sonnenaktivit\u00e4t<\/font><\/b><\/td>\n<td valign=\"middle\"><center><b><font size=\"2\" color=\"#ffffff\" face=\"Arial\">Aurora-Aktivit\u00e4t S\u00fcdpol&nbsp;<\/font><\/b><\/td>\n<\/tr>\n<tr>\n<td align=\"center\" valign=\"middle\">\n<p align=\"center\"><a href=\"https:\/\/services.swpc.noaa.gov\/images\/aurora-forecast-northern-hemisphere.jpg\" target=\"_blank\"><img loading=\"lazy\" decoding=\"async\" border=\"0\" src=\"https:\/\/services.swpc.noaa.gov\/images\/aurora-forecast-northern-hemisphere.jpg\" width=\"320\" height=\"320\" alt=\"Aurora Northpol\"><\/a>\n<\/td>\n<td align=\"center\" valign=\"middle\"><center><\/p>\n<table cellspacing=\"0\" cellpadding=\"0\">\n<tbody>\n<tr>\n<td width=\"66\"><font size=\"2\" color=\"#ffffff\" face=\"Arial Narrow\">SOHO 17.1nm<\/font><\/td>\n<td width=\"66\"><font size=\"2\" color=\"#ffffff\" face=\"Arial Narrow\">SOHO 19.5nm<\/font><\/td>\n<td width=\"66\"><font size=\"2\" color=\"#ffffff\" face=\"Arial Narrow\">SOHO 28.4nm<\/font><\/td>\n<td width=\"66\"><font size=\"2\" color=\"#ffffff\" face=\"Arial Narrow\">SOHO 30.4nm<\/font><\/td>\n<tr>\n<td width=\"66\"><a href=\"http:\/\/umbra.nascom.nasa.gov\/eit\/images\/latest_eit_171.gif\" target=\"_blank\"><img loading=\"lazy\" decoding=\"async\" src=\"http:\/\/umbra.nascom.nasa.gov\/eit\/images\/latest_eit_171.gif\" width=\"64\" height=\"64\" border=\"0\" alt=\"17.1nm\"><\/a><\/td>\n<td width=\"66\"><a href=\"http:\/\/umbra.nascom.nasa.gov\/eit\/images\/latest_eit_195.gif\" target=\"_blank\"><img loading=\"lazy\" decoding=\"async\" src=\"http:\/\/umbra.nascom.nasa.gov\/eit\/images\/latest_eit_195.gif\" width=\"64\" height=\"64\" border=\"0\" alt=\"19.5nm\"><\/a><\/td>\n<td width=\"66\"><a href=\"http:\/\/umbra.nascom.nasa.gov\/eit\/images\/latest_eit_284.gif\" target=\"_blank\"><img loading=\"lazy\" decoding=\"async\" src=\"http:\/\/umbra.nascom.nasa.gov\/eit\/images\/latest_eit_284.gif\" width=\"64\" height=\"64\" border=\"0\" alt=\"28.4nm\"><\/a><\/td>\n<td width=\"66\"><a href=\"http:\/\/umbra.nascom.nasa.gov\/eit\/images\/latest_eit_304.gif\" target=\"_blank\"><img loading=\"lazy\" decoding=\"async\" src=\"http:\/\/umbra.nascom.nasa.gov\/eit\/images\/latest_eit_304.gif\" width=\"64\" height=\"64\" border=\"0\" alt=\"30.4nm\"><\/a><\/td>\n<tr>\n<td align=\"center\" width=\"66\"><a href=\"http:\/\/umbra.nascom.nasa.gov\/eit\/images\/latest_eit_171_full.gif?\" target=\"_blank\"><font size=\"2\" face=\"Arial Narrow\" color=\"#ffffff\">1024&#215;1024<\/font><\/a><\/td>\n<td align=\"center\" width=\"66\"><a href=\"http:\/\/umbra.nascom.nasa.gov\/eit\/images\/latest_eit_195_full.gif?\" target=\"_blank\"><font size=\"2\" face=\"Arial Narrow\" color=\"#ffffff\">1024&#215;1024<\/font><\/a><\/td>\n<td align=\"center\" width=\"66\"><a href=\"http:\/\/umbra.nascom.nasa.gov\/eit\/images\/latest_eit_284_full.gif?\" target=\"_blank\"><font size=\"2\" face=\"Arial Narrow\" color=\"#ffffff\">1024&#215;1024<\/font><\/a><\/td>\n<td align=\"center\" width=\"66\"><a href=\"http:\/\/umbra.nascom.nasa.gov\/eit\/images\/latest_eit_304_full.gif?\" target=\"_blank\"><font size=\"2\" face=\"Arial Narrow\" color=\"#ffffff\">1024&#215;1024<\/font><\/a><\/td>\n<\/tr>\n<\/tbody>\n<\/table>\n<p align=\"center\"><font size=\"-1\" color=\"#ffffff\" face=\"Arial\">Zum Vergr\u00f6\u00dfern auf<br \/>\ndas Bild klicken<\/font>\n<\/td>\n<td valign=\"middle\"><center><\/p>\n<p><center><a href=\"https:\/\/services.swpc.noaa.gov\/images\/aurora-forecast-southern-hemisphere.jpg\" target=\"_blank\"><img loading=\"lazy\" decoding=\"async\" border=\"0\" src=\"https:\/\/services.swpc.noaa.gov\/images\/aurora-forecast-southern-hemisphere.jpg\" width=\"320\" height=\"320\" alt=\"Aurora Southpol\"><\/a>\n<\/td>\n<\/tr>\n<tr>\n<td><center><a href=\"http:\/\/www.dk0wcy.de\/magnetogram\/\" target=\"_blank\"><font size=\"5\" face=\"Arial Black\">DK0WCY<\/font><font size=\"5\" face=\"Arial\"><br \/>\n<\/font><font face=\"Arial\" size=\"1\">Aurora-Bake in JO44VQ<\/font><\/a>\n<\/td>\n<td><center><a href=\"https:\/\/aurorainfo.eu\/aurora-live-cameras\/\" target=\"_blank\"><font size=\"5\" face=\"Arial Black\">Aurora-Livekameras<br \/>\n<\/font><font size=\"1\" face=\"Arial\">AURORA info<\/font><\/a>\n  <\/td>\n<td><center><a href=\"https:\/\/aurora.live\/forecast\/\" target=\"_blank\"><font size=\"5\" face=\"Arial Black\">Aurora-Vorhersage<br \/>\n<\/font><font size=\"1\" face=\"Arial\">AURORA live<\/font><\/a>\n<\/td>\n<\/tr>\n<\/table>\n<p><\/center>\n<\/div>\n<p><\/center><\/p>\n","protected":false},"excerpt":{"rendered":"<p>Polarlicht Aktivit\u00e4t in Mittleren Breiten Gesch\u00e4tzter Kp Index K-Vorhersage f\u00fcr Mittlere Breiten R\u00f6ntgenfluss (X-Ray Flux) Protronenfluss (Protron Flux) Sonnenwindgeschw., Dichte und Bz Aurora-Aktivit\u00e4t Nordpol&nbsp; Sonnenaktivit\u00e4t Aurora-Aktivit\u00e4t S\u00fcdpol&nbsp; SOHO 17.1nm SOHO 19.5nm SOHO 28.4nm SOHO 30.4nm 1024&#215;1024 1024&#215;1024 1024&#215;1024 1024&#215;1024 Zum Vergr\u00f6\u00dfern auf das Bild klicken DK0WCY Aurora-Bake in JO44VQ Aurora-Livekameras AURORA info Aurora-Vorhersage AURORA live<\/p>\n","protected":false},"author":1,"featured_media":0,"parent":0,"menu_order":0,"comment_status":"closed","ping_status":"closed","template":"","meta":{"footnotes":""},"class_list":["post-24","page","type-page","status-publish","hentry"],"acf":[],"_links":{"self":[{"href":"https:\/\/dc4fs.de\/index.php?rest_route=\/wp\/v2\/pages\/24","targetHints":{"allow":["GET"]}}],"collection":[{"href":"https:\/\/dc4fs.de\/index.php?rest_route=\/wp\/v2\/pages"}],"about":[{"href":"https:\/\/dc4fs.de\/index.php?rest_route=\/wp\/v2\/types\/page"}],"author":[{"embeddable":true,"href":"https:\/\/dc4fs.de\/index.php?rest_route=\/wp\/v2\/users\/1"}],"replies":[{"embeddable":true,"href":"https:\/\/dc4fs.de\/index.php?rest_route=%2Fwp%2Fv2%2Fcomments&post=24"}],"version-history":[{"count":6,"href":"https:\/\/dc4fs.de\/index.php?rest_route=\/wp\/v2\/pages\/24\/revisions"}],"predecessor-version":[{"id":267,"href":"https:\/\/dc4fs.de\/index.php?rest_route=\/wp\/v2\/pages\/24\/revisions\/267"}],"wp:attachment":[{"href":"https:\/\/dc4fs.de\/index.php?rest_route=%2Fwp%2Fv2%2Fmedia&parent=24"}],"curies":[{"name":"wp","href":"https:\/\/api.w.org\/{rel}","templated":true}]}}